{"id":2880,"date":"2021-09-25T00:31:33","date_gmt":"2021-09-25T00:31:33","guid":{"rendered":"https:\/\/www.redlatinoamericanademujeres.org\/mapa\/?page_id=2880"},"modified":"2022-03-07T18:03:23","modified_gmt":"2022-03-07T18:03:23","slug":"contexto-regional","status":"publish","type":"page","link":"https:\/\/www.redlatinoamericanademujeres.org\/mapa\/contexto-regional\/","title":{"rendered":"Contexto regional"},"content":{"rendered":"<p><img decoding=\"async\" src=\"\/mapa\/wp-content\/uploads\/2021\/09\/franja_superior5.svg\" alt=\"\"><\/p>\n<h1>Contexto regional <\/h1>\n<div>\n<p><span style=\"font-weight: 400;\">Las regiones sur y mesoamericana, han experimentado una fuerte arremetida minera, en temporalidades diferentes tal vez, considerando la trayectoria que existe en pa\u00edses como Bolivia, Chile, Per\u00fa, Brasil, pero en una temporalidad de 20 a\u00f1os se han equiparado e incluso intensificado las afectaciones, respecto a la vulneraci\u00f3n de derechos humanos, sociales y ambientales.\u00a0<\/span><\/p>\n<p><span style=\"font-weight: 400;\">Estas consecuencias afectan directamente a las comunidades, por medio de la contaminaci\u00f3n del aire, la contaminaci\u00f3n y agotamiento de las fuentes de agua, reduciendo las posibilidades de sostener una soberan\u00eda alimentaria, e ingresando l\u00f3gicas de mercado al interior de estas. Estableciendo con ello una dimensi\u00f3n del despojo que se evidencia tanto en el agua, como los cambios sobre la propiedad de la tierra, dado que muchos de los territorios sobre los cuales se emplazan estos megaproyectos transnacionales, responden a comunidades de los diferentes pueblos y etnias que s\u00f3lo<\/span><i><span style=\"font-weight: 400;\"> \u201cen Latinoam\u00e9rica y el Caribe representan una poblaci\u00f3n de al menos 50 millones de personas, 10% de la poblaci\u00f3n actual de la regi\u00f3n\u201d<\/span><\/i><span style=\"font-weight: 400;\"> (\u00bfAgua o miner\u00eda? resistencias comunitarias en Am\u00e9rica Latina, OCMAL, octubre 2019)<\/span><\/p>\n<p><span style=\"font-weight: 400;\">Mientras que otro porcentaje no menor responde a territorios campesinos, desde donde entre otras cosas se reproduce la sostenibilidad alimentaria propias y de las grandes ciudades.<\/span><\/p>\n<p><span style=\"font-weight: 400;\">En la \u00faltima d\u00e9cada, los proyectos extractivistas mineros aumentaron en ambas regiones, y junto a ello los m\u00faltiples impactos sociales y ambientales aparejados a estas actividades. Lo que ha generado crecientes movimientos de oposici\u00f3n, de hecho, se estima que existen alrededor de<\/span> <i><span style=\"font-weight: 400;\">\u201c200<\/span><\/i><span style=\"font-weight: 400;\">{conflictos} <\/span><i><span style=\"font-weight: 400;\">en torno a la actividad minera s\u00f3lo en (\u2026) Ecuador, Colombia, Per\u00fa y Chile\u201d <\/span><\/i><span style=\"font-weight: 400;\">(Ocmal en: Fern\u00e1ndez, J. 2020 El territorio como espacio contradictorio: promesas y conflictos en torno a la actividad extractiva en Ecuador, Colombia, Per\u00fa y Chile. Scielo vol.46 no.137) Aumentando la vulneraci\u00f3n y criminalizaci\u00f3n respecto a las defensoras y defensores ambientales, por parte de las empresas en alianza con los Estados, los cuales flexibilizan leyes, relativizan y en muchos casos ignoran los procesos de consulta o ratificaci\u00f3n de convenios como el 169 de la OIT, disponen de una estructura militar, a fin de beneficiar a estos grandes capitales transnacionales, quienes act\u00faan amparados bajo el escu\u00e1lido discurso de desarrollo y progreso.\u00a0\u00a0\u00a0\u00a0\u00a0<\/span><\/p>\n<\/p>\n<p><span style=\"font-weight: 400;\">Pese a todo, los procesos de resistencia, de defensa de la vida y su diversidad, est\u00e1n absolutamente vigentes, junto a ellos, los distintos procesos de valoraci\u00f3n y en muchos casos de revaloraci\u00f3n cultural, respecto a los distintos pueblos que habitamos estas vastas regiones. De manera que, ante los distintos desastres y evidencias, pareciera que la miner\u00eda ha ido perdiendo poco a poco, espacio y legitimidad frente a las distintas comunidades y territorios.\u00a0<\/span><\/p>\n<\/p>\n<\/div>\n<p>\n    <a href=\"\/mapa\/wp-content\/uploads\/2022\/03\/libro.pdf\">Ver publicaci\u00f3n<\/a>\n<\/p>\n<h2>Pa\u00edses<\/h2>\n<ul>\n<li>\n<p>        <img decoding=\"async\" src=\"\/mapa\/wp-content\/uploads\/2021\/09\/Peru1.svg\" alt=\"\"><\/p>\n<h4>Argentina<\/h4>\n<p><a href=\"https:\/\/www.redlatinoamericanademujeres.org\/mapa\/category\/argentina\/\"><\/a><\/p>\n<\/li>\n<li>\n<p>        <img decoding=\"async\" src=\"\/mapa\/wp-content\/uploads\/2021\/09\/Bolivia1.svg\" alt=\"\"><\/p>\n<h4>Bolivia<\/h4>\n<p><a href=\"https:\/\/www.redlatinoamericanademujeres.org\/mapa\/category\/bolivia\/\"><\/a><\/p>\n<\/li>\n<li>\n<p>        <img decoding=\"async\" src=\"\/mapa\/wp-content\/uploads\/2021\/09\/Brasil1.svg\" alt=\"\"><\/p>\n<h4>Brasil <\/h4>\n<p><a href=\"https:\/\/www.redlatinoamericanademujeres.org\/mapa\/category\/brasil\/\"><\/a><\/p>\n<\/li>\n<li>\n<p>        <img decoding=\"async\" src=\"\/mapa\/wp-content\/uploads\/2021\/09\/Chile1.svg\" alt=\"\"><\/p>\n<h4>Chile <\/h4>\n<p><a href=\"https:\/\/www.redlatinoamericanademujeres.org\/mapa\/category\/chile\/\"><\/a><\/p>\n<\/li>\n<li>\n<p>        <img decoding=\"async\" src=\"\/mapa\/wp-content\/uploads\/2021\/09\/Colombia1.svg\" alt=\"\"><\/p>\n<h4>Colombia<\/h4>\n<p><a href=\"https:\/\/www.redlatinoamericanademujeres.org\/mapa\/category\/colombia\/\"><\/a><\/p>\n<\/li>\n<li>\n<p>        <img decoding=\"async\" src=\"\/mapa\/wp-content\/uploads\/2021\/09\/Ecuador1.svg\" alt=\"\"><\/p>\n<h4>Ecuador<\/h4>\n<p><a href=\"https:\/\/www.redlatinoamericanademujeres.org\/mapa\/category\/ecuador\/\"><\/a><\/p>\n<\/li>\n<li>\n<p>        <img decoding=\"async\" src=\"\/mapa\/wp-content\/uploads\/2021\/09\/El-Salvador1.svg\" alt=\"\"><\/p>\n<h4>El Salvador<\/h4>\n<\/li>\n<li>\n<p>        <img decoding=\"async\" src=\"\/mapa\/wp-content\/uploads\/2021\/09\/Guatemala1.svg\" alt=\"\"><\/p>\n<h4>Guatemala<\/h4>\n<p><a href=\"https:\/\/www.redlatinoamericanademujeres.org\/mapa\/category\/guatemala\/\"><\/a><\/p>\n<\/li>\n<li>\n<p>        <img decoding=\"async\" src=\"\/mapa\/wp-content\/uploads\/2021\/09\/Honduras1.svg\" alt=\"\"><\/p>\n<h4>Honduras<\/h4>\n<p><a href=\"https:\/\/www.redlatinoamericanademujeres.org\/mapa\/category\/honduras\/\"><\/a><\/p>\n<\/li>\n<li>\n<p>        <img decoding=\"async\" src=\"\/mapa\/wp-content\/uploads\/2021\/09\/Peru1.svg\" alt=\"\"><\/p>\n<h4>Per\u00fa<\/h4>\n<p><a href=\"https:\/\/www.redlatinoamericanademujeres.org\/mapa\/category\/peru\/\"><\/a><\/p>\n<\/li>\n<\/ul>\n<p><!--more--><br \/>\n<!-- {\"name\":\"La Red\",\"type\":\"layout\",\"children\":[{\"type\":\"section\",\"props\":{\"style\":\"default\",\"width\":\"\",\"vertical_align\":\"middle\",\"title_position\":\"top-left\",\"title_rotation\":\"left\",\"title_breakpoint\":\"xl\",\"image_position\":\"center-center\",\"image\":\"wp-content\\\/uploads\\\/2021\\\/06\\\/fondo2-01.svg\",\"header_transparent\":\"dark\",\"header_transparent_noplaceholder\":true,\"animation\":\"fade\",\"animation_delay\":\"100\",\"padding_remove_bottom\":false,\"padding_remove_top\":true,\"image_effect\":\"fixed\",\"image_size\":\"cover\"},\"children\":[{\"type\":\"row\",\"children\":[{\"type\":\"column\",\"props\":{\"image_position\":\"center-center\",\"media_overlay_gradient\":\"\",\"position_sticky_breakpoint\":\"m\"},\"children\":[{\"type\":\"image\",\"props\":{\"margin\":\"default\",\"image_svg_color\":\"emphasis\",\"image\":\"wp-content\\\/uploads\\\/2021\\\/09\\\/franja_superior5.svg\",\"animation\":\"slide-top-medium\"},\"modified\":\"2021-07-22T19:18:07.286Z\",\"name\":\"Imagen tope\"}]}]},{\"type\":\"row\",\"props\":{\"width\":\"small\"},\"children\":[{\"type\":\"column\",\"props\":{\"image_position\":\"center-center\",\"media_overlay_gradient\":\"\",\"width_medium\":\"\",\"position_sticky_breakpoint\":\"m\"},\"children\":[{\"type\":\"headline\",\"props\":{\"title_element\":\"h1\",\"title_style\":\"h1\",\"title_color\":\"danger\",\"title_font_family\":\"secondary\",\"margin\":\"remove-vertical\",\"animation\":\"slide-left\",\"content\":\"Contexto regional \"},\"name\":\"Nombre del caso\"}]}]},{\"type\":\"row\",\"props\":{\"width\":\"small\",\"column_gap\":\"collapse\"},\"children\":[{\"type\":\"column\",\"props\":{\"image_position\":\"center-center\",\"media_overlay_gradient\":\"\",\"width_medium\":\"\",\"position_sticky_breakpoint\":\"m\"},\"children\":[{\"type\":\"text\",\"props\":{\"margin\":\"default\",\"column_breakpoint\":\"m\",\"content\":\"\n\n<p><span style=\\\"font-weight: 400;\\\">Las regiones sur y mesoamericana, han experimentado una fuerte arremetida minera, en temporalidades diferentes tal vez, considerando la trayectoria que existe en pa\\u00edses como Bolivia, Chile, Per\\u00fa, Brasil, pero en una temporalidad de 20 a\\u00f1os se han equiparado e incluso intensificado las afectaciones, respecto a la vulneraci\\u00f3n de derechos humanos, sociales y ambientales.\\u00a0<\\\/span><\\\/p>\\n\n\n<p><span style=\\\"font-weight: 400;\\\">Estas consecuencias afectan directamente a las comunidades, por medio de la contaminaci\\u00f3n del aire, la contaminaci\\u00f3n y agotamiento de las fuentes de agua, reduciendo las posibilidades de sostener una soberan\\u00eda alimentaria, e ingresando l\\u00f3gicas de mercado al interior de estas. Estableciendo con ello una dimensi\\u00f3n del despojo que se evidencia tanto en el agua, como los cambios sobre la propiedad de la tierra, dado que muchos de los territorios sobre los cuales se emplazan estos megaproyectos transnacionales, responden a comunidades de los diferentes pueblos y etnias que s\\u00f3lo<\\\/span><i><span style=\\\"font-weight: 400;\\\"> \\u201cen Latinoam\\u00e9rica y el Caribe representan una poblaci\\u00f3n de al menos 50 millones de personas, 10% de la poblaci\\u00f3n actual de la regi\\u00f3n\\u201d<\\\/span><\\\/i><span style=\\\"font-weight: 400;\\\"> (\\u00bfAgua o miner\\u00eda? resistencias comunitarias en Am\\u00e9rica Latina, OCMAL, octubre 2019)<\\\/span><\\\/p>\\n\n\n<p><span style=\\\"font-weight: 400;\\\">Mientras que otro porcentaje no menor responde a territorios campesinos, desde donde entre otras cosas se reproduce la sostenibilidad alimentaria propias y de las grandes ciudades.<\\\/span><\\\/p>\\n\n\n<p><span style=\\\"font-weight: 400;\\\">En la \\u00faltima d\\u00e9cada, los proyectos extractivistas mineros aumentaron en ambas regiones, y junto a ello los m\\u00faltiples impactos sociales y ambientales aparejados a estas actividades. Lo que ha generado crecientes movimientos de oposici\\u00f3n, de hecho, se estima que existen alrededor de<\\\/span> <i><span style=\\\"font-weight: 400;\\\">\\u201c200<\\\/span><\\\/i><span style=\\\"font-weight: 400;\\\">{conflictos} <\\\/span><i><span style=\\\"font-weight: 400;\\\">en torno a la actividad minera s\\u00f3lo en (\\u2026) Ecuador, Colombia, Per\\u00fa y Chile\\u201d <\\\/span><\\\/i><span style=\\\"font-weight: 400;\\\">(Ocmal en: Fern\\u00e1ndez, J. 2020 El territorio como espacio contradictorio: promesas y conflictos en torno a la actividad extractiva en Ecuador, Colombia, Per\\u00fa y Chile. Scielo vol.46 no.137) Aumentando la vulneraci\\u00f3n y criminalizaci\\u00f3n respecto a las defensoras y defensores ambientales, por parte de las empresas en alianza con los Estados, los cuales flexibilizan leyes, relativizan y en muchos casos ignoran los procesos de consulta o ratificaci\\u00f3n de convenios como el 169 de la OIT, disponen de una estructura militar, a fin de beneficiar a estos grandes capitales transnacionales, quienes act\\u00faan amparados bajo el escu\\u00e1lido discurso de desarrollo y progreso.\\u00a0\\u00a0\\u00a0\\u00a0\\u00a0<\\\/span><\\\/p>\\n\n\n<p><\\\/p>\\n\n\n<p><span style=\\\"font-weight: 400;\\\">Pese a todo, los procesos de resistencia, de defensa de la vida y su diversidad, est\\u00e1n absolutamente vigentes, junto a ellos, los distintos procesos de valoraci\\u00f3n y en muchos casos de revaloraci\\u00f3n cultural, respecto a los distintos pueblos que habitamos estas vastas regiones. De manera que, ante los distintos desastres y evidencias, pareciera que la miner\\u00eda ha ido perdiendo poco a poco, espacio y legitimidad frente a las distintas comunidades y territorios.\\u00a0<\\\/span><\\\/p>\\n\n\n<p><\\\/p>\",\"text_align\":\"justify\"}}]}]},{\"type\":\"row\",\"children\":[{\"type\":\"column\",\"props\":{\"image_position\":\"center-center\",\"media_overlay_gradient\":\"\",\"position_sticky_breakpoint\":\"m\"},\"children\":[{\"type\":\"button\",\"props\":{\"grid_column_gap\":\"small\",\"grid_row_gap\":\"small\",\"margin\":\"default\",\"text_align\":\"center\"},\"children\":[{\"type\":\"button_item\",\"props\":{\"button_style\":\"secondary\",\"icon_align\":\"left\",\"content\":\"Ver publicaci\\u00f3n\",\"link\":\"wp-content\\\/uploads\\\/2022\\\/03\\\/libro.pdf\",\"link_target\":\"blank\"}}]}]}]}]},{\"type\":\"section\",\"props\":{\"style\":\"muted\",\"width\":\"default\",\"vertical_align\":\"middle\",\"title_position\":\"top-left\",\"title_rotation\":\"left\",\"title_breakpoint\":\"xl\",\"image_position\":\"center-center\"},\"children\":[{\"type\":\"row\",\"children\":[{\"type\":\"column\",\"props\":{\"image_position\":\"center-center\",\"media_overlay_gradient\":\"\",\"width_medium\":\"\",\"position_sticky_breakpoint\":\"m\"},\"children\":[{\"type\":\"headline\",\"props\":{\"title_element\":\"h2\",\"content\":\"Pa\\u00edses\",\"title_style\":\"h2\",\"title_font_family\":\"primary\",\"title_color\":\"secondary\",\"text_align\":\"left\"},\"name\":\"Impactos del conflicto\"},{\"type\":\"grid\",\"props\":{\"show_title\":true,\"show_meta\":true,\"show_content\":true,\"show_image\":true,\"show_link\":true,\"grid_default\":\"1\",\"grid_medium\":\"4\",\"filter_style\":\"tab\",\"filter_all\":true,\"filter_position\":\"left\",\"filter_align\":\"left\",\"filter_grid_width\":\"auto\",\"filter_grid_breakpoint\":\"m\",\"title_hover_style\":\"reset\",\"title_element\":\"h4\",\"title_align\":\"top\",\"title_grid_width\":\"1-2\",\"title_grid_breakpoint\":\"m\",\"meta_style\":\"meta\",\"meta_align\":\"above-title\",\"meta_element\":\"div\",\"content_column_breakpoint\":\"m\",\"icon_width\":80,\"image_align\":\"top\",\"image_grid_width\":\"1-2\",\"image_grid_breakpoint\":\"m\",\"image_svg_color\":\"emphasis\",\"link_text\":\"\",\"link_style\":\"text\",\"margin\":\"default\",\"item_animation\":true,\"panel_style\":\"card-default\",\"title_style\":\"h2\",\"title_margin\":\"small\",\"meta_color\":\"emphasis\",\"title_link\":true,\"image_link\":true,\"text_align\":\"center\",\"filter\":false,\"filter_all_label\":\"Todos\",\"panel_link\":true,\"image_transition\":\"scale-up\",\"grid_column_align\":true,\"grid_xlarge\":\"5\",\"grid_large\":\"5\",\"title_font_family\":\"secondary\",\"css\":\".el-title {\\n    font-size: 35px;\\n}\",\"image_width\":\"120px\",\"grid_small\":\"2\",\"panel_image_no_padding\":false,\"panel_padding\":\"small\"},\"children\":[{\"type\":\"grid_item\",\"props\":{\"title\":\"Argentina\",\"link\":\"https:\\\/\\\/www.redlatinoamericanademujeres.org\\\/mapa\\\/category\\\/argentina\\\/\",\"image\":\"wp-content\\\/uploads\\\/2021\\\/09\\\/Peru1.svg\"}},{\"type\":\"grid_item\",\"props\":{\"title\":\"Bolivia\",\"link\":\"https:\\\/\\\/www.redlatinoamericanademujeres.org\\\/mapa\\\/category\\\/bolivia\\\/\",\"image\":\"wp-content\\\/uploads\\\/2021\\\/09\\\/Bolivia1.svg\"}},{\"type\":\"grid_item\",\"props\":{\"title\":\"Brasil \",\"link\":\"https:\\\/\\\/www.redlatinoamericanademujeres.org\\\/mapa\\\/category\\\/brasil\\\/\",\"image\":\"wp-content\\\/uploads\\\/2021\\\/09\\\/Brasil1.svg\"}},{\"type\":\"grid_item\",\"props\":{\"title\":\"Chile \",\"link\":\"https:\\\/\\\/www.redlatinoamericanademujeres.org\\\/mapa\\\/category\\\/chile\\\/\",\"image\":\"wp-content\\\/uploads\\\/2021\\\/09\\\/Chile1.svg\"}},{\"type\":\"grid_item\",\"props\":{\"title\":\"Colombia\",\"icon\":\"\",\"link\":\"https:\\\/\\\/www.redlatinoamericanademujeres.org\\\/mapa\\\/category\\\/colombia\\\/\",\"image\":\"wp-content\\\/uploads\\\/2021\\\/09\\\/Colombia1.svg\"}},{\"type\":\"grid_item\",\"props\":{\"title\":\"Ecuador\",\"link\":\"https:\\\/\\\/www.redlatinoamericanademujeres.org\\\/mapa\\\/category\\\/ecuador\\\/\",\"image\":\"wp-content\\\/uploads\\\/2021\\\/09\\\/Ecuador1.svg\"}},{\"type\":\"grid_item\",\"props\":{\"title\":\"El Salvador\",\"image\":\"wp-content\\\/uploads\\\/2021\\\/09\\\/El-Salvador1.svg\"}},{\"type\":\"grid_item\",\"props\":{\"title\":\"Guatemala\",\"link\":\"https:\\\/\\\/www.redlatinoamericanademujeres.org\\\/mapa\\\/category\\\/guatemala\\\/\",\"image\":\"wp-content\\\/uploads\\\/2021\\\/09\\\/Guatemala1.svg\"}},{\"type\":\"grid_item\",\"props\":{\"title\":\"Honduras\",\"link\":\"https:\\\/\\\/www.redlatinoamericanademujeres.org\\\/mapa\\\/category\\\/honduras\\\/\",\"image\":\"wp-content\\\/uploads\\\/2021\\\/09\\\/Honduras1.svg\"}},{\"type\":\"grid_item\",\"props\":{\"title\":\"Per\\u00fa\",\"link\":\"https:\\\/\\\/www.redlatinoamericanademujeres.org\\\/mapa\\\/category\\\/peru\\\/\",\"image\":\"wp-content\\\/uploads\\\/2021\\\/09\\\/Peru1.svg\"}}],\"modified\":\"2021-09-25T00:28:24.816Z\",\"name\":\"Casos\"}]}]}]}],\"version\":\"2.7.11\",\"yooessentialsVersion\":\"1.5.8\"} --><\/p>\n","protected":false},"excerpt":{"rendered":"<p>Contexto regional Las regiones sur y mesoamericana, han experimentado una fuerte arremetida minera, en temporalidades diferentes tal vez, considerando la trayectoria que existe en pa\u00edses como Bolivia, Chile, Per\u00fa, Brasil, pero en una temporalidad de 20 a\u00f1os se han equiparado e incluso intensificado las afectaciones, respecto a la vulneraci\u00f3n de derechos humanos, sociales y ambientales.\u00a0 [&hellip;]<\/p>\n","protected":false},"author":1,"featured_media":0,"parent":0,"menu_order":0,"comment_status":"closed","ping_status":"closed","template":"","meta":{"_acf_changed":false,"footnotes":""},"class_list":["post-2880","page","type-page","status-publish","hentry"],"acf":[],"_links":{"self":[{"href":"https:\/\/www.redlatinoamericanademujeres.org\/mapa\/wp-json\/wp\/v2\/pages\/2880","targetHints":{"allow":["GET"]}}],"collection":[{"href":"https:\/\/www.redlatinoamericanademujeres.org\/mapa\/wp-json\/wp\/v2\/pages"}],"about":[{"href":"https:\/\/www.redlatinoamericanademujeres.org\/mapa\/wp-json\/wp\/v2\/types\/page"}],"author":[{"embeddable":true,"href":"https:\/\/www.redlatinoamericanademujeres.org\/mapa\/wp-json\/wp\/v2\/users\/1"}],"replies":[{"embeddable":true,"href":"https:\/\/www.redlatinoamericanademujeres.org\/mapa\/wp-json\/wp\/v2\/comments?post=2880"}],"version-history":[{"count":34,"href":"https:\/\/www.redlatinoamericanademujeres.org\/mapa\/wp-json\/wp\/v2\/pages\/2880\/revisions"}],"predecessor-version":[{"id":3908,"href":"https:\/\/www.redlatinoamericanademujeres.org\/mapa\/wp-json\/wp\/v2\/pages\/2880\/revisions\/3908"}],"wp:attachment":[{"href":"https:\/\/www.redlatinoamericanademujeres.org\/mapa\/wp-json\/wp\/v2\/media?parent=2880"}],"curies":[{"name":"wp","href":"https:\/\/api.w.org\/{rel}","templated":true}]}}