{"id":1655,"date":"2021-06-29T13:21:31","date_gmt":"2021-06-29T13:21:31","guid":{"rendered":"https:\/\/www.redlatinoamericanademujeres.org\/mapa\/?page_id=1655"},"modified":"2021-11-15T22:49:48","modified_gmt":"2021-11-15T22:49:48","slug":"la-red","status":"publish","type":"page","link":"https:\/\/www.redlatinoamericanademujeres.org\/mapa\/la-red\/","title":{"rendered":"La Red"},"content":{"rendered":"<p><img decoding=\"async\" src=\"\/mapa\/wp-content\/uploads\/2021\/09\/franja_superior5.svg\" alt=\"\"><\/p>\n<h1>Sobre la Red y nuestro enfoque <\/h1>\n<div>\n<p>La <strong>Red Latinoamericana de Mujeres Defensoras de Derechos Sociales y Ambientales<\/strong> es una articulaci\u00f3n de mujeres en el Abya Yala. Desde la Red buscamos incidir en pol\u00edticas, proyectos y pr\u00e1cticas que afectan directamente a las mujeres. Contribuimos a la defensa de los derechos de la naturaleza y los derechos sociales, mediante espacios de debate, intercambio, capacitaci\u00f3n, denuncia, investigaci\u00f3n e incidencia, encuentros nacionales e internacionales.<\/p>\n<p>Uno de nuestros ejes de trabajo como Red se refiere a los impactos que los proyectos extractivos mineros generan en pa\u00edses latinoamericanos y los que espec\u00edficamente nos afectan a nosotras, las mujeres. Tambi\u00e9n incidimos en los contextos donde se desarrolla el extractivismo minero, en las pol\u00edticas que regulan las actividades mineras y en los procesos de cambio que lideramos las mujeres. Denunciamos las violencias socioambientales contra las mujeres afectadas por proyectos extractivos mineros en los territorios. Y, fundamentalmente, desde la Red articulamos acciones y reflexiones entre los feminismos, la defensa territorial y los ecologismos latinoamericanos para defender derechos y generar alternativas de vida al modelo extractivista.<\/p>\n<p>Desde hace m\u00e1s de 15 a\u00f1os, en la Red Latinoamericana de Mujeres Defensoras de Derechos Sociales y Ambientales hemos estado fortaleciendo diferentes luchas de mujeres contra los impactos del extractivismo minero. Desde la perspectiva de los conflictos mineros en los que las comunidades y los procesos organizativos participan en desventaja frente a los actores extractivos, posicionamos el lugar de las mujeres en la defensa de los territorios y de los tejidos comunitarios a favor de la vida.<\/p>\n<p>En el escenario latinoamericano, donde hay un crecimiento vertiginoso de iniciativas extractivas, unas en funcionamiento y otras en proyecto, resulta imperativa la visibilizaci\u00f3n de los conflictos ambientales que estas ocasionan, espec\u00edficamente en relaci\u00f3n con las mujeres. En nuestro trabajo identificamos la importancia del an\u00e1lisis de una diversidad de factores que hace que cada proceso de resistencia sea \u00fanico; asimismo, identificamos puntos comunes que tienen que ver con el actuar de las empresas multinacionales que operan en nuestros pa\u00edses y, tambi\u00e9n, con la capacidad de reacci\u00f3n de las mujeres en sus procesos propios. A partir de todo este trabajo acumulado vemos la pertinencia de un diagn\u00f3stico con aspiraciones regionales que tenga la misi\u00f3n de reflejar, geogr\u00e1fica y territorialmente, las condiciones de vida de las mujeres en condiciones de extractivismo minero y, a la vez, hacer o\u00edr sus voces de disidencia, sus estrategias para generar alternativas y sus horizontes de vida. Esto a partir del estudio de casos particulares de cada pa\u00eds en el que la Red tiene presencia, con el fin de tener una mirada cartogr\u00e1fica y regional.<\/p>\n<\/div>\n<p><img decoding=\"async\" src=\"\/mapa\/wp-content\/uploads\/2021\/10\/foto-red.png\" alt=\"\"><\/p>\n<h3>Conoce m\u00e1s sobre La Red<\/h3>\n<ul>\n<li><a href=\"https:\/\/www.redlatinoamericanademujeres.org\/\">social<\/a>\n<\/li>\n<li><a href=\"https:\/\/www.facebook.com\/RedLatinoamericanaMujeresDefensoras\/\">facebook<\/a>\n<\/li>\n<li><a href=\"https:\/\/twitter.com\/redlatmujeres\">twitter<\/a>\n<\/li>\n<li><a href=\"https:\/\/www.instagram.com\/redmujeresdefensoras\/\">instagram<\/a>\n<\/li>\n<li><a href=\"https:\/\/www.youtube.com\/channel\/UCe_-ywF6kGg0AEhgW9pQiAw\">youtube<\/a>\n<\/li>\n<\/ul>\n<h2>\u00bfD\u00f3nde estamos?<\/h2>\n<div>Estamos presentes en 10 pa\u00edses del Abya Yala<\/div>\n<ul>\n<li>\n<h3>Argentina<\/h3>\n<div>\n<p><b>Alianza Estrat\u00e9gica<\/b><\/p>\n<ul>\n<li><a href=\"https:\/\/www.facebook.com\/observatoriofeministacatamarca\/\" target=\"_blank\" rel=\"noopener\">Observatorio Feminista de Catamarca<\/a><\/li>\n<\/ul>\n<\/div>\n<\/li>\n<li>\n<h3>Brasil <\/h3>\n<div>\n<p><b>Alianza Estrat\u00e9gica<\/b><\/p>\n<ul>\n<li><a href=\"https:\/\/www.facebook.com\/movimentopelasserraseaguasdeminas\/\" target=\"_blank\" rel=\"noopener\">Movimento pelas Serras e \u00c1guas de Minas<\/a><\/li>\n<\/ul>\n<\/div>\n<\/li>\n<li>\n<h3>Bolivia<\/h3>\n<div>\n<p><b>Nodo<\/b><\/p>\n<ul>\n<li><a href=\"http:\/\/www.colectivocasa.org.bo\/\" target=\"_blank\" rel=\"noopener\">Colectivo CASA \u2013 Colectivo de Coordinaci\u00f3n de Acciones Socio Ambientales<\/a><\/li>\n<\/ul>\n<p><b>Alianza Estrat\u00e9gica<\/b><\/p>\n<ul>\n<li><a href=\"http:\/\/renamatbolivia.blogspot.com\/\" target=\"_blank\" rel=\"noopener\">RENAMAT \u2013 Red Nacional de Mujeres en Defensa de la Madre Tierra<\/a><\/li>\n<\/ul>\n<\/div>\n<\/li>\n<li>\n<h3>Chile<\/h3>\n<div>\n<p><b>Nodo<\/b><\/p>\n<ul>\n<li><a href=\"http:\/\/olca.cl\/oca\/index.htm\" target=\"_blank\" rel=\"noopener\">OLCA (Observatorio Latinoamericano de Conflictos Sociales)<\/a><\/li>\n<\/ul>\n<\/div>\n<\/li>\n<li>\n<h3>Colombia<\/h3>\n<div>\n<div class=\"el-item uk-open\">\n<div class=\"uk-accordion-content uk-margin-remove-first-child\">\n<div class=\"el-content uk-panel uk-margin-top\">\n<p><b>Nodo<\/b><\/p>\n<ul>\n<li><a href=\"https:\/\/censat.org\/\" target=\"_blank\" rel=\"noopener\">Censat Agua Viva<\/a><\/li>\n<\/ul>\n<\/div>\n<\/div>\n<\/div>\n<\/div>\n<\/li>\n<li>\n<h3>Ecuador<\/h3>\n<div>\n<p><b>Nodo<\/b><\/p>\n<ul>\n<li><a href=\"http:\/\/www.accionecologica.org\/\" target=\"_blank\" rel=\"noopener\">Acci\u00f3n Ecol\u00f3gica<\/a><\/li>\n<\/ul>\n<p><b>Alianzas Estrat\u00e9gicas<\/b><\/p>\n<ul>\n<li><a href=\"http:\/\/www.decoin.org\/\" target=\"_blank\" rel=\"noopener\">Decoin<\/a><\/li>\n<li><a href=\"https:\/\/www.naturalezaconderechos.org\/\" target=\"_blank\" rel=\"noopener\">Oficina por los Derechos de la Naturaleza<\/a><\/li>\n<li><a href=\"http:\/\/www.estudiosecologistas.org\/\" target=\"_blank\" rel=\"noopener\">Instituto de Estudios Ecologistas<\/a><\/li>\n<\/ul>\n<\/div>\n<\/li>\n<li>\n<h3>El Salvador<\/h3>\n<div>\n<p><b>Nodo<\/b><\/p>\n<ul>\n<li><a href=\"http:\/\/www.adessantamarta.sv\/\">ADES (Asociaci\u00f3n de Desarrollo Econ\u00f3mico y Social)<\/a><\/li>\n<\/ul>\n<p><b>Alianza Estrat\u00e9gica<\/b><\/p>\n<ul>\n<li><a href=\"https:\/\/www.facebook.com\/pages\/category\/Community-Service\/Ecofeminismo-de-El-Salvador-190193998369876\/\" target=\"_blank\" rel=\"noopener\">Movimiento de mujeres ecofeministas de El Salvador<\/a><\/li>\n<\/ul>\n<\/div>\n<\/li>\n<li>\n<h3>Guatemala<\/h3>\n<div>\n<p><b>Alianzas Estrat\u00e9gicas<\/b><\/p>\n<ul>\n<li><a href=\"https:\/\/www.facebook.com\/pages\/category\/Nonprofit-Organization\/Bufete-para-Pueblos-Ind%C3%ADgenas-1959300914319578\/\" target=\"_blank\" rel=\"noopener\">Buffete ind\u00edgena<\/a><\/li>\n<li><a href=\"https:\/\/www.facebook.com\/parlamento.xinka.3\/\" target=\"_blank\" rel=\"noopener\">Parlamento Xinca<\/a><\/li>\n<li><a href=\"https:\/\/www.facebook.com\/ResisrenciaPacificaLaPuya\/\" target=\"_blank\" rel=\"noopener\">Resistencia Pac\u00edfica de la Puya<\/a><\/li>\n<li><a href=\"http:\/\/www.serjus.org.gt\/2014\/\" target=\"_blank\" rel=\"noopener\">Serjus<\/a><\/li>\n<\/ul>\n<\/div>\n<\/li>\n<li>\n<h3>Honduras<\/h3>\n<div>\n<p><b>Alianzas Estrat\u00e9gicas<\/b><\/p>\n<ul>\n<li><a href=\"https:\/\/www.facebook.com\/ForoDeMujeresPorLaVida\/\" target=\"_blank\" rel=\"noopener\">Foro de Mujeres por la Vida<\/a><\/li>\n<li><a href=\"https:\/\/www.facebook.com\/Guapinol-Despierta-810956912625098\/\" target=\"_blank\" rel=\"noopener\">Comit\u00e9 ambiental de Guapinol<\/a><\/li>\n<li><a href=\"https:\/\/massbhn.tumblr.com\/\" target=\"_blank\" rel=\"noopener\">Movimiento Santa Barbarense<\/a><\/li>\n<\/ul>\n<\/div>\n<\/li>\n<li>\n<h3>Per\u00fa<\/h3>\n<div>\n<p><b>Nodo<\/b><\/p>\n<ul>\n<li><a href=\"http:\/\/www.grufides.org\/\" target=\"_blank\" rel=\"noopener\">Grufides \u2013 Grupo de Intervenci\u00f3n y Formaci\u00f3n para el Desarrollo Sostenible<\/a><\/li>\n<\/ul>\n<\/div>\n<\/li>\n<li>\n<h3>Uruguay<\/h3>\n<div>\n<p><b>Alianza Estrat\u00e9gica<\/b><\/p>\n<ul>\n<li><a href=\"http:\/\/otrasvocesporlatierra.uy\/\" target=\"_blank\" rel=\"noopener\">Otras voces por la Tierra<\/a><\/li>\n<\/ul>\n<\/div>\n<\/li>\n<\/ul>\n<p><!--more--><br \/>\n<!-- {\"name\":\"La Red\",\"type\":\"layout\",\"children\":[{\"type\":\"section\",\"props\":{\"style\":\"default\",\"width\":\"\",\"vertical_align\":\"middle\",\"title_position\":\"top-left\",\"title_rotation\":\"left\",\"title_breakpoint\":\"xl\",\"image_position\":\"center-center\",\"image\":\"wp-content\\\/uploads\\\/2021\\\/06\\\/fondo2-01.svg\",\"header_transparent\":\"dark\",\"header_transparent_noplaceholder\":true,\"animation\":\"fade\",\"animation_delay\":\"100\",\"padding_remove_bottom\":false,\"padding_remove_top\":true,\"image_effect\":\"fixed\",\"image_size\":\"cover\"},\"children\":[{\"type\":\"row\",\"children\":[{\"type\":\"column\",\"props\":{\"image_position\":\"center-center\",\"media_overlay_gradient\":\"\"},\"children\":[{\"type\":\"image\",\"props\":{\"margin\":\"default\",\"image_svg_color\":\"emphasis\",\"image\":\"wp-content\\\/uploads\\\/2021\\\/09\\\/franja_superior5.svg\",\"animation\":\"slide-top-medium\"},\"modified\":\"2021-07-22T19:18:07.286Z\",\"name\":\"Imagen tope\"}]}]},{\"type\":\"row\",\"props\":{\"width\":\"small\"},\"children\":[{\"type\":\"column\",\"props\":{\"image_position\":\"center-center\",\"media_overlay_gradient\":\"\",\"width_medium\":\"\"},\"children\":[{\"type\":\"headline\",\"props\":{\"title_element\":\"h1\",\"title_style\":\"h1\",\"title_color\":\"danger\",\"title_font_family\":\"secondary\",\"margin\":\"remove-vertical\",\"animation\":\"slide-left\",\"content\":\"Sobre la Red y nuestro enfoque \"},\"name\":\"Nombre del caso\"}]}]},{\"type\":\"row\",\"props\":{\"width\":\"small\",\"column_gap\":\"collapse\"},\"children\":[{\"type\":\"column\",\"props\":{\"image_position\":\"center-center\",\"media_overlay_gradient\":\"\",\"width_medium\":\"\"},\"children\":[{\"type\":\"text\",\"props\":{\"margin\":\"default\",\"column_breakpoint\":\"m\",\"content\":\"\n\n<p>La <strong>Red Latinoamericana de Mujeres Defensoras de Derechos Sociales y Ambientales<\\\/strong> es una articulaci\\u00f3n de mujeres en el Abya Yala. Desde la Red buscamos incidir en pol\\u00edticas, proyectos y pr\\u00e1cticas que afectan directamente a las mujeres. Contribuimos a la defensa de los derechos de la naturaleza y los derechos sociales, mediante espacios de debate, intercambio, capacitaci\\u00f3n, denuncia, investigaci\\u00f3n e incidencia, encuentros nacionales e internacionales.<\\\/p>\\n\n\n<p>Uno de nuestros ejes de trabajo como Red se refiere a los impactos que los proyectos extractivos mineros generan en pa\\u00edses latinoamericanos y los que espec\\u00edficamente nos afectan a nosotras, las mujeres. Tambi\\u00e9n incidimos en los contextos donde se desarrolla el extractivismo minero, en las pol\\u00edticas que regulan las actividades mineras y en los procesos de cambio que lideramos las mujeres. Denunciamos las violencias socioambientales contra las mujeres afectadas por proyectos extractivos mineros en los territorios. Y, fundamentalmente, desde la Red articulamos acciones y reflexiones entre los feminismos, la defensa territorial y los ecologismos latinoamericanos para defender derechos y generar alternativas de vida al modelo extractivista.<\\\/p>\\n\n\n<p>Desde hace m\\u00e1s de 15 a\\u00f1os, en la Red Latinoamericana de Mujeres Defensoras de Derechos Sociales y Ambientales hemos estado fortaleciendo diferentes luchas de mujeres contra los impactos del extractivismo minero. Desde la perspectiva de los conflictos mineros en los que las comunidades y los procesos organizativos participan en desventaja frente a los actores extractivos, posicionamos el lugar de las mujeres en la defensa de los territorios y de los tejidos comunitarios a favor de la vida.<\\\/p>\\n\n\n<p>En el escenario latinoamericano, donde hay un crecimiento vertiginoso de iniciativas extractivas, unas en funcionamiento y otras en proyecto, resulta imperativa la visibilizaci\\u00f3n de los conflictos ambientales que estas ocasionan, espec\\u00edficamente en relaci\\u00f3n con las mujeres. En nuestro trabajo identificamos la importancia del an\\u00e1lisis de una diversidad de factores que hace que cada proceso de resistencia sea \\u00fanico; asimismo, identificamos puntos comunes que tienen que ver con el actuar de las empresas multinacionales que operan en nuestros pa\\u00edses y, tambi\\u00e9n, con la capacidad de reacci\\u00f3n de las mujeres en sus procesos propios. A partir de todo este trabajo acumulado vemos la pertinencia de un diagn\\u00f3stico con aspiraciones regionales que tenga la misi\\u00f3n de reflejar, geogr\\u00e1fica y territorialmente, las condiciones de vida de las mujeres en condiciones de extractivismo minero y, a la vez, hacer o\\u00edr sus voces de disidencia, sus estrategias para generar alternativas y sus horizontes de vida. Esto a partir del estudio de casos particulares de cada pa\\u00eds en el que la Red tiene presencia, con el fin de tener una mirada cartogr\\u00e1fica y regional.<\\\/p>\",\"text_align\":\"justify\"}}]}]},{\"type\":\"row\",\"children\":[{\"type\":\"column\",\"props\":{\"image_position\":\"center-center\",\"media_overlay_gradient\":\"\"},\"children\":[{\"type\":\"image\",\"props\":{\"margin\":\"default\",\"image_svg_color\":\"emphasis\",\"image\":\"wp-content\\\/uploads\\\/2021\\\/10\\\/foto-red.png\",\"text_align\":\"center\"}}]}],\"props\":{\"width\":\"small\"}},{\"type\":\"row\",\"children\":[{\"type\":\"column\",\"props\":{\"image_position\":\"center-center\",\"media_overlay_gradient\":\"\"},\"children\":[{\"type\":\"headline\",\"props\":{\"title_element\":\"h3\",\"content\":\"Conoce m\\u00e1s sobre La Red\",\"title_style\":\"h3\",\"title_font_family\":\"primary\",\"title_color\":\"secondary\",\"text_align\":\"center\"},\"name\":\"Impactos del conflicto\"},{\"type\":\"social\",\"props\":{\"link_style\":\"button\",\"grid\":\"horizontal\",\"grid_gap\":\"small\",\"margin\":\"default\",\"link_target\":true,\"text_align\":\"center\"},\"children\":[{\"type\":\"social_item\",\"props\":{\"link\":\"https:\\\/\\\/www.redlatinoamericanademujeres.org\\\/\",\"icon\":\"zondicons--network\"}},{\"type\":\"social_item\",\"props\":{\"link\":\"https:\\\/\\\/www.facebook.com\\\/RedLatinoamericanaMujeresDefensoras\\\/\"}},{\"type\":\"social_item\",\"props\":{\"link\":\"https:\\\/\\\/twitter.com\\\/redlatmujeres\"}},{\"type\":\"social_item\",\"props\":{\"link\":\"https:\\\/\\\/www.instagram.com\\\/redmujeresdefensoras\\\/\"}},{\"type\":\"social_item\",\"props\":{\"link\":\"https:\\\/\\\/www.youtube.com\\\/channel\\\/UCe_-ywF6kGg0AEhgW9pQiAw\"}}]}]}]}]},{\"type\":\"section\",\"props\":{\"style\":\"muted\",\"width\":\"\",\"vertical_align\":\"middle\",\"title_position\":\"top-left\",\"title_rotation\":\"left\",\"title_breakpoint\":\"xl\",\"image_position\":\"center-center\"},\"children\":[{\"type\":\"row\",\"props\":{\"width\":\"xsmall\"},\"children\":[{\"type\":\"column\",\"props\":{\"image_position\":\"center-center\",\"media_overlay_gradient\":\"\",\"width_medium\":\"\"},\"children\":[{\"type\":\"headline\",\"props\":{\"title_element\":\"h2\",\"content\":\"\\u00bfD\\u00f3nde estamos?\",\"title_style\":\"h2\",\"title_font_family\":\"primary\",\"title_color\":\"secondary\",\"text_align\":\"center\"},\"name\":\"Impactos del conflicto\"},{\"type\":\"text\",\"props\":{\"margin\":\"default\",\"column_breakpoint\":\"m\",\"content\":\"Estamos presentes en 10 pa\\u00edses del Abya Yala\",\"text_style\":\"lead\",\"margin_remove_top\":true,\"text_align\":\"center\"}},{\"type\":\"accordion\",\"props\":{\"show_image\":true,\"show_link\":true,\"collapsible\":true,\"content_column_breakpoint\":\"m\",\"image_svg_color\":\"emphasis\",\"image_align\":\"top\",\"image_grid_width\":\"1-2\",\"image_grid_breakpoint\":\"m\",\"link_text\":\"Read more\",\"link_style\":\"default\"},\"children\":[{\"type\":\"accordion_item\",\"props\":{\"content\":\"\n\n<p><b>Alianza Estrat\\u00e9gica<\\\/b><\\\/p>\\n\n\n<ul>\\n\n\n<li><a href=\\\"https:\\\/\\\/www.facebook.com\\\/observatoriofeministacatamarca\\\/\\\" target=\\\"_blank\\\" rel=\\\"noopener\\\">Observatorio Feminista de Catamarca<\\\/a><\\\/li>\\n<\\\/ul>\",\"title\":\"Argentina\"}},{\"type\":\"accordion_item\",\"props\":{\"title\":\"Brasil \",\"content\":\"\n\n<p><b>Alianza Estrat\\u00e9gica<\\\/b><\\\/p>\\n\n\n<ul>\\n\n\n<li><a href=\\\"https:\\\/\\\/www.facebook.com\\\/movimentopelasserraseaguasdeminas\\\/\\\" target=\\\"_blank\\\" rel=\\\"noopener\\\">Movimento pelas Serras e \\u00c1guas de Minas<\\\/a><\\\/li>\\n<\\\/ul>\"}},{\"type\":\"accordion_item\",\"props\":{\"title\":\"Bolivia\",\"content\":\"\n\n<p><b>Nodo<\\\/b><\\\/p>\\n\n\n<ul>\\n\n\n<li><a href=\\\"http:\\\/\\\/www.colectivocasa.org.bo\\\/\\\" target=\\\"_blank\\\" rel=\\\"noopener\\\">Colectivo CASA \\u2013 Colectivo de Coordinaci\\u00f3n de Acciones Socio Ambientales<\\\/a><\\\/li>\\n<\\\/ul>\\n\n\n<p><b>Alianza Estrat\\u00e9gica<\\\/b><\\\/p>\\n\n\n<ul>\\n\n\n<li><a href=\\\"http:\\\/\\\/renamatbolivia.blogspot.com\\\/\\\" target=\\\"_blank\\\" rel=\\\"noopener\\\">RENAMAT \\u2013 Red Nacional de Mujeres en Defensa de la Madre Tierra<\\\/a><\\\/li>\\n<\\\/ul>\"}},{\"type\":\"accordion_item\",\"props\":{\"title\":\"Chile\",\"content\":\"\n\n<p><b>Nodo<\\\/b><\\\/p>\\n\n\n<ul>\\n\n\n<li><a href=\\\"http:\\\/\\\/olca.cl\\\/oca\\\/index.htm\\\" target=\\\"_blank\\\" rel=\\\"noopener\\\">OLCA (Observatorio Latinoamericano de Conflictos Sociales)<\\\/a><\\\/li>\\n<\\\/ul>\"}},{\"type\":\"accordion_item\",\"props\":{\"title\":\"Colombia\",\"content\":\"\n\n<div class=\\\"el-item uk-open\\\">\\n\n\n<div class=\\\"uk-accordion-content uk-margin-remove-first-child\\\">\\n\n\n<div class=\\\"el-content uk-panel uk-margin-top\\\">\\n\n\n<p><b>Nodo<\\\/b><\\\/p>\\n\n\n<ul>\\n\n\n<li><a href=\\\"https:\\\/\\\/censat.org\\\/\\\" target=\\\"_blank\\\" rel=\\\"noopener\\\">Censat Agua Viva<\\\/a><\\\/li>\\n<\\\/ul>\\n<\\\/div>\\n<\\\/div>\\n<\\\/div>\"}},{\"type\":\"accordion_item\",\"props\":{\"title\":\"Ecuador\",\"content\":\"\n\n<p><b>Nodo<\\\/b><\\\/p>\\n\n\n<ul>\\n\n\n<li><a href=\\\"http:\\\/\\\/www.accionecologica.org\\\/\\\" target=\\\"_blank\\\" rel=\\\"noopener\\\">Acci\\u00f3n Ecol\\u00f3gica<\\\/a><\\\/li>\\n<\\\/ul>\\n\n\n<p><b>Alianzas Estrat\\u00e9gicas<\\\/b><\\\/p>\\n\n\n<ul>\\n\n\n<li><a href=\\\"http:\\\/\\\/www.decoin.org\\\/\\\" target=\\\"_blank\\\" rel=\\\"noopener\\\">Decoin<\\\/a><\\\/li>\\n\n\n<li><a href=\\\"https:\\\/\\\/www.naturalezaconderechos.org\\\/\\\" target=\\\"_blank\\\" rel=\\\"noopener\\\">Oficina por los Derechos de la Naturaleza<\\\/a><\\\/li>\\n\n\n<li><a href=\\\"http:\\\/\\\/www.estudiosecologistas.org\\\/\\\" target=\\\"_blank\\\" rel=\\\"noopener\\\">Instituto de Estudios Ecologistas<\\\/a><\\\/li>\\n<\\\/ul>\"}},{\"type\":\"accordion_item\",\"props\":{\"title\":\"El Salvador\",\"content\":\"\n\n<p><b>Nodo<\\\/b><\\\/p>\\n\n\n<ul>\\n\n\n<li><a href=\\\"http:\\\/\\\/www.adessantamarta.sv\\\/\\\">ADES (Asociaci\\u00f3n de Desarrollo Econ\\u00f3mico y Social)<\\\/a><\\\/li>\\n<\\\/ul>\\n\n\n<p><b>Alianza Estrat\\u00e9gica<\\\/b><\\\/p>\\n\n\n<ul>\\n\n\n<li><a href=\\\"https:\\\/\\\/www.facebook.com\\\/pages\\\/category\\\/Community-Service\\\/Ecofeminismo-de-El-Salvador-190193998369876\\\/\\\" target=\\\"_blank\\\" rel=\\\"noopener\\\">Movimiento de mujeres ecofeministas de El Salvador<\\\/a><\\\/li>\\n<\\\/ul>\"}},{\"type\":\"accordion_item\",\"props\":{\"title\":\"Guatemala\",\"content\":\"\n\n<p><b>Alianzas Estrat\\u00e9gicas<\\\/b><\\\/p>\\n\n\n<ul>\\n\n\n<li><a href=\\\"https:\\\/\\\/www.facebook.com\\\/pages\\\/category\\\/Nonprofit-Organization\\\/Bufete-para-Pueblos-Ind%C3%ADgenas-1959300914319578\\\/\\\" target=\\\"_blank\\\" rel=\\\"noopener\\\">Buffete ind\\u00edgena<\\\/a><\\\/li>\\n\n\n<li><a href=\\\"https:\\\/\\\/www.facebook.com\\\/parlamento.xinka.3\\\/\\\" target=\\\"_blank\\\" rel=\\\"noopener\\\">Parlamento Xinca<\\\/a><\\\/li>\\n\n\n<li><a href=\\\"https:\\\/\\\/www.facebook.com\\\/ResisrenciaPacificaLaPuya\\\/\\\" target=\\\"_blank\\\" rel=\\\"noopener\\\">Resistencia Pac\\u00edfica de la Puya<\\\/a><\\\/li>\\n\n\n<li><a href=\\\"http:\\\/\\\/www.serjus.org.gt\\\/2014\\\/\\\" target=\\\"_blank\\\" rel=\\\"noopener\\\">Serjus<\\\/a><\\\/li>\\n<\\\/ul>\"}},{\"type\":\"accordion_item\",\"props\":{\"title\":\"Honduras\",\"content\":\"\n\n<p><b>Alianzas Estrat\\u00e9gicas<\\\/b><\\\/p>\\n\n\n<ul>\\n\n\n<li><a href=\\\"https:\\\/\\\/www.facebook.com\\\/ForoDeMujeresPorLaVida\\\/\\\" target=\\\"_blank\\\" rel=\\\"noopener\\\">Foro de Mujeres por la Vida<\\\/a><\\\/li>\\n\n\n<li><a href=\\\"https:\\\/\\\/www.facebook.com\\\/Guapinol-Despierta-810956912625098\\\/\\\" target=\\\"_blank\\\" rel=\\\"noopener\\\">Comit\\u00e9 ambiental de Guapinol<\\\/a><\\\/li>\\n\n\n<li><a href=\\\"https:\\\/\\\/massbhn.tumblr.com\\\/\\\" target=\\\"_blank\\\" rel=\\\"noopener\\\">Movimiento Santa Barbarense<\\\/a><\\\/li>\\n<\\\/ul>\"}},{\"type\":\"accordion_item\",\"props\":{\"title\":\"Per\\u00fa\",\"content\":\"\n\n<p><b>Nodo<\\\/b><\\\/p>\\n\n\n<ul>\\n\n\n<li><a href=\\\"http:\\\/\\\/www.grufides.org\\\/\\\" target=\\\"_blank\\\" rel=\\\"noopener\\\">Grufides \\u2013 Grupo de Intervenci\\u00f3n y Formaci\\u00f3n para el Desarrollo Sostenible<\\\/a><\\\/li>\\n<\\\/ul>\"}},{\"type\":\"accordion_item\",\"props\":{\"title\":\"Uruguay\",\"content\":\"\n\n<p><b>Alianza Estrat\\u00e9gica<\\\/b><\\\/p>\\n\n\n<ul>\\n\n\n<li><a href=\\\"http:\\\/\\\/otrasvocesporlatierra.uy\\\/\\\" target=\\\"_blank\\\" rel=\\\"noopener\\\">Otras voces por la Tierra<\\\/a><\\\/li>\\n<\\\/ul>\"}}]}]}]}]}],\"version\":\"2.6.8\",\"yooessentialsVersion\":\"1.5.3\"} --><\/p>\n","protected":false},"excerpt":{"rendered":"<p>Sobre la Red y nuestro enfoque La Red Latinoamericana de Mujeres Defensoras de Derechos Sociales y Ambientales es una articulaci\u00f3n de mujeres en el Abya Yala. Desde la Red buscamos incidir en pol\u00edticas, proyectos y pr\u00e1cticas que afectan directamente a las mujeres. Contribuimos a la defensa de los derechos de la naturaleza y los derechos [&hellip;]<\/p>\n","protected":false},"author":1,"featured_media":0,"parent":0,"menu_order":0,"comment_status":"closed","ping_status":"closed","template":"","meta":{"_acf_changed":false,"footnotes":""},"class_list":["post-1655","page","type-page","status-publish","hentry"],"acf":[],"_links":{"self":[{"href":"https:\/\/www.redlatinoamericanademujeres.org\/mapa\/wp-json\/wp\/v2\/pages\/1655","targetHints":{"allow":["GET"]}}],"collection":[{"href":"https:\/\/www.redlatinoamericanademujeres.org\/mapa\/wp-json\/wp\/v2\/pages"}],"about":[{"href":"https:\/\/www.redlatinoamericanademujeres.org\/mapa\/wp-json\/wp\/v2\/types\/page"}],"author":[{"embeddable":true,"href":"https:\/\/www.redlatinoamericanademujeres.org\/mapa\/wp-json\/wp\/v2\/users\/1"}],"replies":[{"embeddable":true,"href":"https:\/\/www.redlatinoamericanademujeres.org\/mapa\/wp-json\/wp\/v2\/comments?post=1655"}],"version-history":[{"count":60,"href":"https:\/\/www.redlatinoamericanademujeres.org\/mapa\/wp-json\/wp\/v2\/pages\/1655\/revisions"}],"predecessor-version":[{"id":3870,"href":"https:\/\/www.redlatinoamericanademujeres.org\/mapa\/wp-json\/wp\/v2\/pages\/1655\/revisions\/3870"}],"wp:attachment":[{"href":"https:\/\/www.redlatinoamericanademujeres.org\/mapa\/wp-json\/wp\/v2\/media?parent=1655"}],"curies":[{"name":"wp","href":"https:\/\/api.w.org\/{rel}","templated":true}]}}